{"id":106,"date":"2023-02-16T03:47:05","date_gmt":"2023-02-16T02:47:05","guid":{"rendered":"https:\/\/www.darkove-kose.com\/?page_id=106"},"modified":"2023-02-16T03:47:07","modified_gmt":"2023-02-16T02:47:07","slug":"o-nas","status":"publish","type":"page","link":"https:\/\/www.darkove-kose.com\/index.php\/o-nas\/","title":{"rendered":"O N\u00e1s"},"content":{"rendered":"\n<p><strong><a href=\"https:\/\/www.darkove-kose.com\/\">Darkove Kose<\/a><\/strong> je nejlep\u0161\u00ed web pro sd\u00edlen\u00ed. Hlavn\u00ed obsah zahrnuje n\u00e1bytek, lampy, ta\u0161ky, boty, oble\u010den\u00ed a sv\u00e1te\u010dn\u00ed d\u00e1rky a tak d\u00e1le. V na\u0161em ka\u017edodenn\u00edm \u017eivot\u011b se \u010dasto pot\u00fdk\u00e1me s mnoha probl\u00e9my, nap\u0159\u00edklad nev\u00edme, co koupit, kde to koupit nebo jak to koupit. Na\u0161e webov\u00e9 str\u00e1nky v\u00e1m mohou pomoci tyto probl\u00e9my snadno vy\u0159e\u0161it.<\/p>\n\n\n\n<p>Na\u0161i klienti jsou s na\u0161imi slu\u017ebami velmi spokojeni. \u0158\u00edk\u00e1 se, \u017ee nejlep\u0161\u00ed reklama je \u00fastn\u00ed pod\u00e1n\u00ed, tak\u017ee na\u0161e klientela st\u00e1le roste. Z\u00e1rove\u0148 tak\u00e9 douf\u00e1me, \u017ee na na\u0161em webu m\u016f\u017eete z\u00edskat ty nejlep\u0161\u00ed n\u00e1pady, kter\u00e9 chcete!<\/p>\n\n\n\n<figure class=\"wp-block-gallery has-nested-images columns-default is-cropped wp-block-gallery-1 is-layout-flex wp-block-gallery-is-layout-flex\">\n<figure class=\"wp-block-image size-large\"><img loading=\"lazy\" decoding=\"async\" width=\"1024\" height=\"683\" data-id=\"70\" src=\"https:\/\/www.darkove-kose.com\/wp-content\/uploads\/2023\/02\/10-3-1024x683.jpg\" alt=\"\" class=\"wp-image-70\" srcset=\"https:\/\/www.darkove-kose.com\/wp-content\/uploads\/2023\/02\/10-3-1024x683.jpg 1024w, https:\/\/www.darkove-kose.com\/wp-content\/uploads\/2023\/02\/10-3-300x200.jpg 300w, https:\/\/www.darkove-kose.com\/wp-content\/uploads\/2023\/02\/10-3-768x512.jpg 768w, https:\/\/www.darkove-kose.com\/wp-content\/uploads\/2023\/02\/10-3.jpg 1254w\" sizes=\"auto, (max-width: 1024px) 100vw, 1024px\" \/><\/figure>\n\n\n\n<figure class=\"wp-block-image size-large\"><img loading=\"lazy\" decoding=\"async\" width=\"1024\" height=\"1024\" data-id=\"64\" src=\"https:\/\/www.darkove-kose.com\/wp-content\/uploads\/2023\/02\/9-1024x1024.jpg\" alt=\"\" class=\"wp-image-64\" srcset=\"https:\/\/www.darkove-kose.com\/wp-content\/uploads\/2023\/02\/9-1024x1024.jpg 1024w, https:\/\/www.darkove-kose.com\/wp-content\/uploads\/2023\/02\/9-300x300.jpg 300w, https:\/\/www.darkove-kose.com\/wp-content\/uploads\/2023\/02\/9-150x150.jpg 150w, https:\/\/www.darkove-kose.com\/wp-content\/uploads\/2023\/02\/9-768x768.jpg 768w, https:\/\/www.darkove-kose.com\/wp-content\/uploads\/2023\/02\/9.jpg 1080w\" sizes=\"auto, (max-width: 1024px) 100vw, 1024px\" \/><\/figure>\n\n\n\n<figure class=\"wp-block-image size-large\"><img loading=\"lazy\" decoding=\"async\" width=\"1024\" height=\"576\" data-id=\"30\" src=\"https:\/\/www.darkove-kose.com\/wp-content\/uploads\/2023\/02\/4-1-1024x576.jpg\" alt=\"\" class=\"wp-image-30\" srcset=\"https:\/\/www.darkove-kose.com\/wp-content\/uploads\/2023\/02\/4-1-1024x576.jpg 1024w, https:\/\/www.darkove-kose.com\/wp-content\/uploads\/2023\/02\/4-1-300x169.jpg 300w, https:\/\/www.darkove-kose.com\/wp-content\/uploads\/2023\/02\/4-1-768x432.jpg 768w, https:\/\/www.darkove-kose.com\/wp-content\/uploads\/2023\/02\/4-1-1536x864.jpg 1536w, https:\/\/www.darkove-kose.com\/wp-content\/uploads\/2023\/02\/4-1.jpg 1920w\" sizes=\"auto, (max-width: 1024px) 100vw, 1024px\" \/><\/figure>\n\n\n\n<figure class=\"wp-block-image size-large\"><img loading=\"lazy\" decoding=\"async\" width=\"1024\" height=\"1024\" data-id=\"38\" src=\"https:\/\/www.darkove-kose.com\/wp-content\/uploads\/2023\/02\/5.jpg\" alt=\"\" class=\"wp-image-38\" srcset=\"https:\/\/www.darkove-kose.com\/wp-content\/uploads\/2023\/02\/5.jpg 1024w, https:\/\/www.darkove-kose.com\/wp-content\/uploads\/2023\/02\/5-300x300.jpg 300w, https:\/\/www.darkove-kose.com\/wp-content\/uploads\/2023\/02\/5-150x150.jpg 150w, https:\/\/www.darkove-kose.com\/wp-content\/uploads\/2023\/02\/5-768x768.jpg 768w\" sizes=\"auto, (max-width: 1024px) 100vw, 1024px\" \/><\/figure>\n\n\n\n<figure class=\"wp-block-image size-large\"><img loading=\"lazy\" decoding=\"async\" width=\"1000\" height=\"1000\" data-id=\"59\" src=\"https:\/\/www.darkove-kose.com\/wp-content\/uploads\/2023\/02\/8-3.jpeg\" alt=\"\" class=\"wp-image-59\" srcset=\"https:\/\/www.darkove-kose.com\/wp-content\/uploads\/2023\/02\/8-3.jpeg 1000w, https:\/\/www.darkove-kose.com\/wp-content\/uploads\/2023\/02\/8-3-300x300.jpeg 300w, https:\/\/www.darkove-kose.com\/wp-content\/uploads\/2023\/02\/8-3-150x150.jpeg 150w, https:\/\/www.darkove-kose.com\/wp-content\/uploads\/2023\/02\/8-3-768x768.jpeg 768w\" sizes=\"auto, (max-width: 1000px) 100vw, 1000px\" \/><\/figure>\n\n\n\n<figure class=\"wp-block-image size-large\"><img loading=\"lazy\" decoding=\"async\" width=\"1024\" height=\"1024\" data-id=\"53\" src=\"https:\/\/www.darkove-kose.com\/wp-content\/uploads\/2023\/02\/7-2-1024x1024.jpg\" alt=\"\" class=\"wp-image-53\" srcset=\"https:\/\/www.darkove-kose.com\/wp-content\/uploads\/2023\/02\/7-2-1024x1024.jpg 1024w, https:\/\/www.darkove-kose.com\/wp-content\/uploads\/2023\/02\/7-2-300x300.jpg 300w, https:\/\/www.darkove-kose.com\/wp-content\/uploads\/2023\/02\/7-2-150x150.jpg 150w, https:\/\/www.darkove-kose.com\/wp-content\/uploads\/2023\/02\/7-2-768x768.jpg 768w, https:\/\/www.darkove-kose.com\/wp-content\/uploads\/2023\/02\/7-2.jpg 1500w\" sizes=\"auto, (max-width: 1024px) 100vw, 1024px\" \/><\/figure>\n\n\n\n<figure class=\"wp-block-image size-large\"><img loading=\"lazy\" decoding=\"async\" width=\"1024\" height=\"576\" data-id=\"17\" src=\"https:\/\/www.darkove-kose.com\/wp-content\/uploads\/2023\/02\/2-3-1024x576.jpg\" alt=\"\" class=\"wp-image-17\" srcset=\"https:\/\/www.darkove-kose.com\/wp-content\/uploads\/2023\/02\/2-3-1024x576.jpg 1024w, https:\/\/www.darkove-kose.com\/wp-content\/uploads\/2023\/02\/2-3-300x169.jpg 300w, https:\/\/www.darkove-kose.com\/wp-content\/uploads\/2023\/02\/2-3-768x432.jpg 768w, https:\/\/www.darkove-kose.com\/wp-content\/uploads\/2023\/02\/2-3-1536x864.jpg 1536w, https:\/\/www.darkove-kose.com\/wp-content\/uploads\/2023\/02\/2-3.jpg 1920w\" sizes=\"auto, (max-width: 1024px) 100vw, 1024px\" \/><\/figure>\n\n\n\n<figure class=\"wp-block-image size-large\"><img loading=\"lazy\" decoding=\"async\" width=\"1024\" height=\"768\" data-id=\"9\" src=\"https:\/\/www.darkove-kose.com\/wp-content\/uploads\/2023\/02\/1-1-1024x768.jpg\" alt=\"\" class=\"wp-image-9\" srcset=\"https:\/\/www.darkove-kose.com\/wp-content\/uploads\/2023\/02\/1-1-1024x768.jpg 1024w, https:\/\/www.darkove-kose.com\/wp-content\/uploads\/2023\/02\/1-1-300x225.jpg 300w, https:\/\/www.darkove-kose.com\/wp-content\/uploads\/2023\/02\/1-1-768x576.jpg 768w, https:\/\/www.darkove-kose.com\/wp-content\/uploads\/2023\/02\/1-1.jpg 1200w\" sizes=\"auto, (max-width: 1024px) 100vw, 1024px\" \/><\/figure>\n<\/figure>\n","protected":false},"excerpt":{"rendered":"<p>Darkove Kose je nejlep\u0161\u00ed web pro sd\u00edlen\u00ed. Hlavn\u00ed obsah zahrnuje n\u00e1bytek, lampy, ta\u0161ky, boty, oble\u010den\u00ed a sv\u00e1te\u010dn\u00ed d\u00e1rky a tak d\u00e1le. V na\u0161em ka\u017edodenn\u00edm \u017eivot\u011b se \u010dasto pot\u00fdk\u00e1me s mnoha probl\u00e9my, nap\u0159\u00edklad nev\u00edme, co koupit, kde to koupit nebo jak to koupit. Na\u0161e webov\u00e9 str\u00e1nky v\u00e1m mohou pomoci tyto probl\u00e9my <a href=\"https:\/\/www.darkove-kose.com\/index.php\/o-nas\/\" class=\"btn btn-link continue-link\">Pokra\u010dovat ve \u010dten\u00ed<\/a><\/p>\n","protected":false},"author":1,"featured_media":0,"parent":0,"menu_order":0,"comment_status":"closed","ping_status":"closed","template":"","meta":{"footnotes":""},"class_list":["post-106","page","type-page","status-publish","hentry"],"_links":{"self":[{"href":"https:\/\/www.darkove-kose.com\/index.php\/wp-json\/wp\/v2\/pages\/106","targetHints":{"allow":["GET"]}}],"collection":[{"href":"https:\/\/www.darkove-kose.com\/index.php\/wp-json\/wp\/v2\/pages"}],"about":[{"href":"https:\/\/www.darkove-kose.com\/index.php\/wp-json\/wp\/v2\/types\/page"}],"author":[{"embeddable":true,"href":"https:\/\/www.darkove-kose.com\/index.php\/wp-json\/wp\/v2\/users\/1"}],"replies":[{"embeddable":true,"href":"https:\/\/www.darkove-kose.com\/index.php\/wp-json\/wp\/v2\/comments?post=106"}],"version-history":[{"count":1,"href":"https:\/\/www.darkove-kose.com\/index.php\/wp-json\/wp\/v2\/pages\/106\/revisions"}],"predecessor-version":[{"id":108,"href":"https:\/\/www.darkove-kose.com\/index.php\/wp-json\/wp\/v2\/pages\/106\/revisions\/108"}],"wp:attachment":[{"href":"https:\/\/www.darkove-kose.com\/index.php\/wp-json\/wp\/v2\/media?parent=106"}],"curies":[{"name":"wp","href":"https:\/\/api.w.org\/{rel}","templated":true}]}}